{"id":533,"date":"2020-03-11T12:40:27","date_gmt":"2020-03-11T11:40:27","guid":{"rendered":"http:\/\/edukacija.narodnimuzejnis.rs\/?page_id=533"},"modified":"2020-03-13T09:12:10","modified_gmt":"2020-03-13T08:12:10","slug":"%d1%81%d0%ba%d0%b0%d1%98%d0%bf-%d1%87%d0%b0%d1%81%d0%be%d0%b2%d0%b8","status":"publish","type":"page","link":"https:\/\/edukacija.narodnimuzejnis.rs\/RS\/%d1%81%d0%ba%d0%b0%d1%98%d0%bf-%d1%87%d0%b0%d1%81%d0%be%d0%b2%d0%b8\/","title":{"rendered":"SKAJP \u010cASOVI"},"content":{"rendered":"\n<p><\/p>\n\n\n\n<h2 class=\"wp-block-heading\"><strong>Muzejski skajp \u010dasovi<\/strong><\/h2>\n\n\n\n<p>Muzeji sveta nalaze se pred\nvelikim izazovom kako da najmla\u0111ima predstave muzejske predmete i postavke te da\nih u\u010dine razumljivim i zanimljivim. Jedan od na\u010dina su svakako skajp \u010dasovi koje\nNarodni muzej Ni\u0161 odr\u017eava od 2016. godine. Iz svojih objekata, putem skajp \u010dasova,\nu\u010denici iz drugih gradova u Srbiji dobijaju mogu\u0107nost da saznaju\nne\u0161to vi\u0161e o kulturnoj ba\u0161tini na\u0161eg muzeja, povezuju\u0107i informacije sa svojim nastavnim\ngradivom. <\/p>\n\n\n\n<p>Skajp \u010dasovi izvode se isklju\u010divo ponedeljkom, kad su objekti Narodnog muzeja Ni\u0161 zatvoreni za posetioce. Za vi\u0161e informacija i zakazivanje skajp \u010dasa mo\u017eete se obratiti muzejskom edukatoru putem kontakt forme ili mejla koji se nalazi na sajtu.<\/p>\n\n\n\n<h4 class=\"wp-block-heading\"><strong>Srednjovekovno oru\u017eje <\/strong><\/h4>\n\n\n\n<p>Srednjovekovno naoru\u017eanje mo\u017eemo podeliti na hladno i\nvatreno, kao i na ofanzivno i defanzivno. U srednjem veku se najvi\u0161e koristilo hladno\noru\u017eje pa se i u srednjovekovnoj zbirci Narodnog muzeja Ni\u0161 \u010duva sedamdeset \u0161est primeraka\nistog. Tu je naoru\u017eanje koje je slu\u017eilo za se\u010denje, udaranje i\nubadanje (ofanzivno), ali i predmeti defanzivnog naoru\u017eanja (pancirna ko\u0161ulja i prednja\nstrana grudnog oklopa).U skladu\nsa tim, kustos \u0107e tokom virtuelne posete muzeju, uz pomo\u0107 predmeta koji se \u010duvaju u srednjovekovnoj zbirci\nispri\u010dati pri\u010du o oru\u017eju koje je kori\u0161\u0107eno u srednjem veku na teritoriji Srbije.\n<\/p>\n\n\n\n<p>Predava\u010d: kustos arheolog Slobodan Miti\u0107<\/p>\n\n\n\n<div class=\"wp-block-columns is-layout-flex wp-container-core-columns-is-layout-9d6595d7 wp-block-columns-is-layout-flex\">\n<div class=\"wp-block-column is-layout-flow wp-block-column-is-layout-flow\">\n<div class=\"wp-block-image\"><figure class=\"aligncenter size-large\"><img loading=\"lazy\" decoding=\"async\" width=\"1024\" height=\"768\" src=\"http:\/\/media.edukacija.narodnimuzejnis.rs\/2020\/03\/IMG-20200309-WA0001-1024x768.jpg\" alt=\"\" class=\"wp-image-534\" srcset=\"http:\/\/media.edukacija.narodnimuzejnis.rs\/2020\/03\/IMG-20200309-WA0001-1024x768.jpg 1024w, http:\/\/media.edukacija.narodnimuzejnis.rs\/2020\/03\/IMG-20200309-WA0001-300x225.jpg 300w, http:\/\/media.edukacija.narodnimuzejnis.rs\/2020\/03\/IMG-20200309-WA0001-768x576.jpg 768w, http:\/\/media.edukacija.narodnimuzejnis.rs\/2020\/03\/IMG-20200309-WA0001-1536x1152.jpg 1536w, http:\/\/media.edukacija.narodnimuzejnis.rs\/2020\/03\/IMG-20200309-WA0001-667x500.jpg 667w, http:\/\/media.edukacija.narodnimuzejnis.rs\/2020\/03\/IMG-20200309-WA0001.jpg 1600w\" sizes=\"auto, (max-width: 1024px) 100vw, 1024px\" \/><\/figure><\/div>\n<\/div>\n\n\n\n<div class=\"wp-block-column is-layout-flow wp-block-column-is-layout-flow\">\n<figure class=\"wp-block-video aligncenter\"><video height=\"352\" style=\"aspect-ratio: 640 \/ 352;\" width=\"640\" controls src=\"http:\/\/media.edukacija.narodnimuzejnis.rs\/2020\/03\/VID-20200309-WA0000.mp4\"><\/video><\/figure>\n<\/div>\n<\/div>\n\n\n\n<h4 class=\"wp-block-heading\"><strong>Istorijat Logora na Crvenom krstu<\/strong><\/h4>\n\n\n\n<p>Logor na Crvenom krstu,\nni\u0161ki koncentracioni logor, ili &nbsp;Memorijalni\nkompleks \u201e12. februar\u201c,&nbsp; jedan je od retkih\nnekada\u0161njih logora na teritoriji Srbije koji je u funkciji muzeja. U autenti\u010dnoj\nzgradi &nbsp;formirana je muzejska postavka u kojoj\nsu izlo\u017eeni predmeti koji pripadaju Zbirci logora na Crvenom krstu. Kroz kratak\npregled \u017eivota u okupiranom Ni\u0161u, tokom virtuelne posete, govori\u0107emo o istorijatu\nLogora na Crvenom krstu, prvom masovnom bekstvu iz nacisti\u010dkih logora koje se dogodilo\n12. februara 1942. godine, teroru koji su Nemci sprovodili kao i uzro\u010dno posledi\u010dnoj\nvezi logora i Bubnja. <\/p>\n\n\n\n<p>Predava\u010d: kustos edukator\nIvana Gruden Milentijevi\u0107<\/p>\n\n\n\n<p><\/p>\n","protected":false},"excerpt":{"rendered":"<p>Muzejski skajp \u010dasovi Muzeji sveta nalaze se pred velikim izazovom kako da najmla\u0111ima predstave muzejske predmete i postavke te da ih u\u010dine razumljivim i zanimljivim. Jedan od na\u010dina su svakako skajp \u010dasovi koje Narodni muzej Ni\u0161 odr\u017eava od 2016. godine. Iz svojih objekata, putem skajp \u010dasova, u\u010denici iz drugih gradova &hellip;<\/p>\n","protected":false},"author":1,"featured_media":0,"parent":0,"menu_order":0,"comment_status":"closed","ping_status":"closed","template":"","meta":{"ngg_post_thumbnail":0,"footnotes":""},"class_list":["post-533","page","type-page","status-publish","hentry"],"_links":{"self":[{"href":"https:\/\/edukacija.narodnimuzejnis.rs\/RS\/wp-json\/wp\/v2\/pages\/533","targetHints":{"allow":["GET"]}}],"collection":[{"href":"https:\/\/edukacija.narodnimuzejnis.rs\/RS\/wp-json\/wp\/v2\/pages"}],"about":[{"href":"https:\/\/edukacija.narodnimuzejnis.rs\/RS\/wp-json\/wp\/v2\/types\/page"}],"author":[{"embeddable":true,"href":"https:\/\/edukacija.narodnimuzejnis.rs\/RS\/wp-json\/wp\/v2\/users\/1"}],"replies":[{"embeddable":true,"href":"https:\/\/edukacija.narodnimuzejnis.rs\/RS\/wp-json\/wp\/v2\/comments?post=533"}],"version-history":[{"count":12,"href":"https:\/\/edukacija.narodnimuzejnis.rs\/RS\/wp-json\/wp\/v2\/pages\/533\/revisions"}],"predecessor-version":[{"id":571,"href":"https:\/\/edukacija.narodnimuzejnis.rs\/RS\/wp-json\/wp\/v2\/pages\/533\/revisions\/571"}],"wp:attachment":[{"href":"https:\/\/edukacija.narodnimuzejnis.rs\/RS\/wp-json\/wp\/v2\/media?parent=533"}],"curies":[{"name":"wp","href":"https:\/\/api.w.org\/{rel}","templated":true}]}}